{"id":30,"date":"2024-12-29T12:26:34","date_gmt":"2024-12-29T11:26:34","guid":{"rendered":"http:\/\/localhost:8888\/wordpress\/index.php\/imprint\/"},"modified":"2025-11-04T09:26:36","modified_gmt":"2025-11-04T08:26:36","slug":"imprint","status":"publish","type":"page","link":"https:\/\/www.erikacoffee.at\/?page_id=30","title":{"rendered":"Impressum"},"content":{"rendered":"<div  class='flex_column av-3vwy-b7bbd88a0125c9b6b0a376706813a7f2 av_one_half  avia-builder-el-0  avia-builder-el-no-sibling  first flex_column_div  '     ><section  class='av_textblock_section av-m5zi2736-10cf60e37e8bd36f11fe0f8f379c081c '   itemscope=\"itemscope\" itemtype=\"https:\/\/schema.org\/CreativeWork\" ><div class='avia_textblock'  itemprop=\"text\" ><h1>Impressum<\/h1>\n<p>Informationspflicht laut \u00a75 E-Commerce Gesetz, \u00a714 Unternehmensgesetzbuch, \u00a763 Gewerbeordnung und Offenlegungspflicht laut \u00a725 Mediengesetz.<\/p>\n<p>Sebastian Sandler<br \/>\nERIKA Coffee Roasters<br \/>\nWienerstra\u00dfe 19<\/p>\n<p>3100 St. P\u00f6lten<\/p>\n<p>\u00d6sterreich<\/p>\n<p>E-Mail: <a href=\"mailto:hallo@erikacoffee.at\">hallo@erikacoffee.at<\/a><\/p>\n<p>Unternehmensgegenstand: Einkauf, R\u00f6sten und der Vertrieb von Kaffee sowie damit verbundene Beratungsdienstleistungen und der Handel mit Waren aller Art.<br \/>\nUID-Nummer: ATU81216907<br \/>\nGISA (Gewerbeinformationssystem Austria): 37738419<br \/>\nMitglied bei: WKO<br \/>\nBerufsrecht: Gewerbeordnung: www.ris.bka.gv.at<\/p>\n<p>Aufsichtsbeh\u00f6rde: Bezirkshauptmannschaft St. P\u00f6lten, Am Bischofteich 1, 3100 St. P\u00f6lten<br \/>\nWebseite: <a href=\"https:\/\/www.noe.gv.at\/noe\/St-Poelten\/Bezirkshauptmannschaft_St_Poelten\">https:\/\/www.noe.gv.at\/noe\/St-Poelten\/Bezirkshauptmannschaft_St_Poelten<\/a><\/p>\n<p>Berufsbezeichnung: Kaffeer\u00f6ster, Kaffeehandel<br \/>\nVerleihungsstaat: \u00d6sterreich<\/p>\n<h4>Information gem. \u00a7 19 Abs 3 AStG<\/h4>\n<p>Gem\u00e4\u00df Verordnung \u00fcber Online-Streitbeilegung in Verbraucherangelegenheiten (ODR-Verordnung) m\u00f6chten wir Sie \u00fcber die Online-Streitbeilegungsplattform (OS-Plattform) informieren.\u2028Verbraucher haben die M\u00f6glichkeit, Beschwerden an die Online Streitbeilegungsplattform der Europ\u00e4ischen Kommission unter https:\/\/ec.europa.eu\/consumers\/odr\/main\/index.cfm?event=main.home2.show&amp;lng=DE zu richten. Die daf\u00fcr notwendigen Kontaktdaten finden Sie oberhalb in unserem Impressum.<br \/>\nWir m\u00f6chten Sie jedoch darauf hinweisen, dass wir nicht bereit oder verpflichtet sind, an Streitbeilegungsverfahren vor einer Verbraucherschlichtungsstelle teilzunehmen.<\/p>\n<p>Haftung F\u00fcr Links Auf Dieser Webseite<br \/>\nUnsere Webseite enth\u00e4lt Links zu anderen Webseiten f\u00fcr deren Inhalt wir nicht verantwortlich sind. Haftung f\u00fcr verlinkte Websites besteht laut \u00a7 17 ECG f\u00fcr uns nicht, da wir keine Kenntnis rechtswidriger T\u00e4tigkeiten hatten und haben, uns solche Rechtswidrigkeiten auch bisher nicht aufgefallen sind und wir Links sofort entfernen w\u00fcrden, wenn uns Rechtswidrigkeiten bekannt werden.<br \/>\nWenn Ihnen rechtswidrige Links auf unserer Website auffallen, bitten wir Sie uns zu kontaktieren, Sie finden die Kontaktdaten im Impressum.<\/p>\n<p>Bildernachweis<br \/>\nDie Bilder, Fotos und Grafiken auf dieser Webseite sind urheberrechtlich gesch\u00fctzt.<\/p>\n<p>Weitere Onlineauftritte<br \/>\nDieses Impressum gilt auch f\u00fcr<\/p>\n<p><a href=\"https:\/\/instagram.com\/erikacoffeeroasters\">https:\/\/instagram.com\/erikacoffeeroasters<\/a><\/p>\n<p><a href=\"https:\/\/facebook.com\/erikacoffeeroasters\">https:\/\/facebook.com\/erikacoffeeroasters<\/a><\/p>\n<p>Alle Texte sind urheberrechtlich gesch\u00fctzt.<\/p>\n<p>Webdesign mit freundlicher Unterst\u00fctzung von Michael Almhofer<\/p>\n<p>Grafiken\/Illustrationen mit freundlicher Unterst\u00fctzung von <a href=\"https:\/\/www.behance.net\/JanaLenova\">Jana Le\u0148ov\u00e1<\/a>.<\/p>\n<p>Fotos mit freundlicher Unterst\u00fctzung von <a href=\"https:\/\/www.instagram.com\/demir_black\/\">Demir Black <\/a> und <a href=\"https:\/\/oliviaengemann.wixsite.com\/ohlollita\">Olivia Engemann<\/a>.<\/p>\n<p>Quelle: Erstellt mit dem <a href=\"https:\/\/www.adsimple.at\/impressum-generator\/\" target=\"_blank\" rel=\"noopener\">Impressum Generator<\/a> von AdSimple<\/p>\n<h1><\/h1>\n<\/div><\/section><\/div>\n","protected":false},"excerpt":{"rendered":"","protected":false},"author":1,"featured_media":0,"parent":0,"menu_order":0,"comment_status":"closed","ping_status":"closed","template":"","meta":{"footnotes":""},"class_list":["post-30","page","type-page","status-publish","hentry"],"_links":{"self":[{"href":"https:\/\/www.erikacoffee.at\/index.php?rest_route=\/wp\/v2\/pages\/30","targetHints":{"allow":["GET"]}}],"collection":[{"href":"https:\/\/www.erikacoffee.at\/index.php?rest_route=\/wp\/v2\/pages"}],"about":[{"href":"https:\/\/www.erikacoffee.at\/index.php?rest_route=\/wp\/v2\/types\/page"}],"author":[{"embeddable":true,"href":"https:\/\/www.erikacoffee.at\/index.php?rest_route=\/wp\/v2\/users\/1"}],"replies":[{"embeddable":true,"href":"https:\/\/www.erikacoffee.at\/index.php?rest_route=%2Fwp%2Fv2%2Fcomments&post=30"}],"version-history":[{"count":5,"href":"https:\/\/www.erikacoffee.at\/index.php?rest_route=\/wp\/v2\/pages\/30\/revisions"}],"predecessor-version":[{"id":1401,"href":"https:\/\/www.erikacoffee.at\/index.php?rest_route=\/wp\/v2\/pages\/30\/revisions\/1401"}],"wp:attachment":[{"href":"https:\/\/www.erikacoffee.at\/index.php?rest_route=%2Fwp%2Fv2%2Fmedia&parent=30"}],"curies":[{"name":"wp","href":"https:\/\/api.w.org\/{rel}","templated":true}]}}