{"id":32,"date":"2024-12-29T12:26:34","date_gmt":"2024-12-29T11:26:34","guid":{"rendered":"http:\/\/localhost:8888\/wordpress\/index.php\/terms\/"},"modified":"2025-07-28T10:55:27","modified_gmt":"2025-07-28T08:55:27","slug":"terms","status":"publish","type":"page","link":"https:\/\/www.erikacoffee.at\/?page_id=32","title":{"rendered":"Allgemeine Gesch\u00e4ftsbedingungen"},"content":{"rendered":"<div  class='flex_column av-ymjw-afab522efb6dd2e2683614763734d95d av_one_fourth  avia-builder-el-0  el_before_av_three_fifth  avia-builder-el-first  first flex_column_div  '     ><section  class='av_textblock_section av-m6k2vy0z-4f53640dd840e25e269903dc4906f706 '   itemscope=\"itemscope\" itemtype=\"https:\/\/schema.org\/CreativeWork\" ><div class='avia_textblock'  itemprop=\"text\" ><h2><strong>Versandkosten<\/strong><\/h2>\n<p class=\"gmail-success\">Die Versandkosten sind nicht in den Produktpreisen enthalten.<\/p>\n<p><strong>\u00d6sterreich:<\/strong> \u20ac 4,90<\/p>\n<p>Ab \u20ac 40 Gratisversand<\/p>\n<p><strong>International:<\/strong> Bitte kontaktiere <a href=\"mailto:shop@erikacoffee.at\">shop@erikacoffee.at<\/a><\/p>\n<p class=\"gmail-success\">\n<\/div><\/section><\/div><div  class='flex_column av-v560-010c41275ad09b2f0090e570b38333ea av_three_fifth  avia-builder-el-2  el_after_av_one_fourth  avia-builder-el-last  flex_column_div  '     ><style type=\"text\/css\" data-created_by=\"avia_inline_auto\" id=\"style-css-av-m5zitv0d-d251b4c6959363bdfa08207533306a86\">\n#top .av_textblock_section.av-m5zitv0d-d251b4c6959363bdfa08207533306a86 .avia_textblock{\ntext-align:left;\n}\n<\/style>\n<section  class='av_textblock_section av-m5zitv0d-d251b4c6959363bdfa08207533306a86 '   itemscope=\"itemscope\" itemtype=\"https:\/\/schema.org\/CreativeWork\" ><div class='avia_textblock'  itemprop=\"text\" ><h3 class=\"p1\"><strong>AGB <\/strong><\/h3>\n<h3 class=\"p1\"><strong>ERIKA Coffee Roasters<\/strong><\/h3>\n<h3 class=\"p1\"><strong> Sebastian Sandler<\/strong><\/h3>\n<p class=\"p1\">1. Geltungsbereich<\/p>\n<p class=\"p1\">2. Vertragsschluss<\/p>\n<p class=\"p1\">3. Widerrufsrecht<\/p>\n<p class=\"p1\">4. Preise und Zahlungsbedingungen<\/p>\n<p class=\"p1\">5. Liefer- und Versandbedingungen<\/p>\n<p class=\"p1\">6. Eigentumsvorbehalt<\/p>\n<p class=\"p1\">7. M\u00e4ngelhaftung<\/p>\n<p class=\"p1\">8. Anwendbares Recht<\/p>\n<p class=\"p1\">9. Datenschutz<\/p>\n<p class=\"p1\">10. Mahnungen, Zahlungsverzug, Kostenpauschalen<\/p>\n<p class=\"p1\">11. Gerichtsstand<\/p>\n<h5 class=\"p1\">1. Geltungsbereich<\/h5>\n<p class=\"p1\">1.1. Diese Allgemeinen Gesch\u00e4ftsbedingungen (nachfolgend \u201cAGB\u201d) der \u201eSebastian Sandler<\/p>\n<p class=\"p1\">ERIKA Coffee Roasters\u201c (nachfolgend \u201eVerk\u00e4ufer\u201c), gelten f\u00fcr alle Vertr\u00e4ge, die ein Verbraucher<\/p>\n<p class=\"p1\">oder Unternehmer (nachfolgend \u201eKunde\u201c) mit dem Verk\u00e4ufer hinsichtlich der vom Verk\u00e4ufer in<\/p>\n<p class=\"p1\">seinem Online-Shop dargestellten Waren und\/oder Leistungen abschlie\u00dft. Hiermit wird der<\/p>\n<p class=\"p1\">Einbeziehung der eigenen Bedingungen des Kunden ausdr\u00fccklich widersprochen, es sei denn, es ist<\/p>\n<p class=\"p1\">etwas anderes gesondert schriftlich vereinbart.<\/p>\n<p class=\"p1\">1.2. Wir f\u00fchren Ihre Bestellung nach den zum Zeitpunkt der Bestellung jeweils g\u00fcltigen AGB aus.<\/p>\n<p class=\"p1\">Die AGB in ihrer aktuellen Fassung stehen Ihnen auf unserer Internetseite http:\/\/<\/p>\n<p class=\"p1\">www.erikacoffee.at\/ unter \u201eAGB\u201c zur Verf\u00fcgung. \u00dcberdies senden wir Ihnen unseren AGB-Link<\/p>\n<p class=\"p1\">mit der Auftragsbest\u00e4tigung zu. Im Zweifel gelten unsere im Internet ver\u00f6ffentlichten AGB.<\/p>\n<p class=\"p1\">\u00c4nderungen und Erg\u00e4nzungen behalten wir uns ausdr\u00fccklich vor.<\/p>\n<p class=\"p1\">1.3. Verbraucher im Sinne dieser AGB ist nur eine nat\u00fcrliche Person, die ein Rechtsgesch\u00e4ft zu<\/p>\n<p class=\"p1\">Zwecken abschlie\u00dft, die weder ihrer gewerblichen noch ihrer selbstst\u00e4ndigen beruflichen T\u00e4tigkeit<\/p>\n<p class=\"p1\">zugerechnet werden k\u00f6nnen.<\/p>\n<p class=\"p1\">1.4. Unternehmer im Sinne dieser AGB ist jede nat\u00fcrliche oder juristische Person oder eine<\/p>\n<p class=\"p1\">Personengesellschaft, die bei Abschluss eines Rechtsgesch\u00e4fts im Rahmen ihrer gewerblichen oder<\/p>\n<p class=\"p1\">kommerziellen und beruflichen T\u00e4tigkeit handelt.<\/p>\n<h5 class=\"p1\">2. Vertragsschluss<\/h5>\n<p class=\"p1\">2.1. Die im Online-Shop des Verk\u00e4ufers enthaltenen Produktdarstellungen stellen keine<\/p>\n<p class=\"p1\">verbindlichen Angebote seitens des Verk\u00e4ufers dar, sondern dienen zur Abgabe eines verbindlichen<\/p>\n<p class=\"p1\">Angebots durch den Kunden.2.2. Der Kunde kann das Angebot \u00fcber das in den Online-Shop des Verk\u00e4ufers integrierte Online-<\/p>\n<p class=\"p1\">Bestellformular abgeben. Dabei gibt der Kunde, nachdem er die ausgew\u00e4hlten Waren und\/oder<\/p>\n<p class=\"p1\">Leistungen in den virtuellen Warenkorb gelegt und den elektronischen Bestellprozess durchlaufen<\/p>\n<p class=\"p1\">hat, durch Klicken des den Bestellvorgang abschlie\u00dfenden Buttons ein rechtlich verbindliches<\/p>\n<p class=\"p1\">Vertragsangebot in Bezug auf die im Warenkorb enthaltenen Waren und\/oder Leistungen ab. Ferner<\/p>\n<p class=\"p1\">kann der Kunde das Angebot auch per E-Mail gegen\u00fcber dem Verk\u00e4ufer abgeben.<\/p>\n<p class=\"p1\">2.3. Der Verk\u00e4ufer kann das Angebot des Kunden innerhalb von f\u00fcnf Tagen annehmen,<\/p>\n<p class=\"p1\">\u2013 indem er dem Kunden eine schriftliche Auftragsbest\u00e4tigung oder eine Auftragsbest\u00e4tigung in<\/p>\n<p class=\"p1\">Textform (Fax oder E-Mail) \u00fcbermittelt, wobei insoweit der Zugang der Auftragsbest\u00e4tigung beim<\/p>\n<p class=\"p1\">Kunden ma\u00dfgeblich ist, oder<\/p>\n<p class=\"p1\">\u2013 indem er dem Kunden die bestellte Ware liefert, wobei insoweit der Zugang der Ware beim<\/p>\n<p class=\"p1\">Kunden ma\u00dfgeblich ist, oder<\/p>\n<p class=\"p1\">\u2013 indem er den Kunden nach Abgabe von dessen Bestellung zur Zahlung auffordert.<\/p>\n<p class=\"p1\">Liegen mehrere der vorgenannten Alternativen vor, kommt der Vertrag in dem Zeitpunkt zustande,<\/p>\n<p class=\"p1\">in dem eine der vorgenannten Alternativen zuerst eintritt. Nimmt der Verk\u00e4ufer das Angebot des<\/p>\n<p class=\"p1\">Kunden innerhalb vorgenannter Frist nicht an, so gilt dies als Ablehnung des Angebots mit der<\/p>\n<p class=\"p1\">Folge, dass der Kunde nicht mehr an seine Willenserkl\u00e4rung gebunden ist.<\/p>\n<p class=\"p1\">2.4. W\u00e4hlt der Kunde im Rahmen des Bestellvorgangs \u201ePayPal Express\u201c als Zahlungsart aus, erteilt<\/p>\n<p class=\"p1\">er durch Klicken des den Bestellvorgang abschlie\u00dfenden Buttons zugleich auch einen<\/p>\n<p class=\"p1\">Zahlungsauftrag an seinen Zahlungsdienstleister. F\u00fcr diesen Fall erkl\u00e4rt der Verk\u00e4ufer abweichend<\/p>\n<p class=\"p1\">von Ziffer 2.3 schon jetzt die Annahme des Angebots des Kunden in dem Zeitpunkt, in dem der<\/p>\n<p class=\"p1\">Kunde durch Klicken des den Bestellvorgang abschlie\u00dfenden Buttons den Zahlungsvorgang ausl\u00f6st.<\/p>\n<p class=\"p1\">2.5. Die Frist zur Annahme des Angebots beginnt am Tag nach der Absendung des Angebots durch<\/p>\n<p class=\"p1\">den Kunden zu laufen und endet mit dem Ablauf des f\u00fcnften Tages, welcher auf die Absendung des<\/p>\n<p class=\"p1\">Angebots folgt.<\/p>\n<p class=\"p1\">2.6. Bei der Abgabe eines Angebots \u00fcber das Online-Bestellformular des Verk\u00e4ufers wird der<\/p>\n<p class=\"p1\">Vertragstext vom Verk\u00e4ufer gespeichert und dem Kunden nach Absendung seiner Bestellung nebst<\/p>\n<p class=\"p1\">den vorliegenden AGB in Textform (z. B. E-Mail, Fax oder Brief) zugeschickt. Zus\u00e4tzlich wird der<\/p>\n<p class=\"p1\">Vertragstext auf der Internetseite des Verk\u00e4ufers archiviert und kann vom Kunden \u00fcber sein<\/p>\n<p class=\"p1\">passwortgesch\u00fctztes Kundenkonto unter Angabe der entsprechenden Login-Daten kostenlos<\/p>\n<p class=\"p1\">abgerufen werden, sofern der Kunde vor Absendung seiner Bestellung ein Kundenkonto im Online-<\/p>\n<p class=\"p1\">Shop des Verk\u00e4ufers angelegt hat.<\/p>\n<p class=\"p1\">2.7. Vor verbindlicher Abgabe der Bestellung \u00fcber das Online-Bestellformular des Verk\u00e4ufers kann<\/p>\n<p class=\"p1\">der Kunde seine Eingaben laufend \u00fcber die \u00fcblichen Tastatur- und Mausfunktionen korrigieren.<\/p>\n<p class=\"p1\">Dar\u00fcber hinaus werden alle Eingaben vor der verbindlichen Abgabe der Bestellung noch einmal in<\/p>\n<p class=\"p1\">einem Best\u00e4tigungsfenster angezeigt und k\u00f6nnen auch dort mittels der \u00fcblichen Tastatur- und<\/p>\n<p class=\"p1\">Mausfunktionen korrigiert werden.<\/p>\n<p class=\"p1\">2.8. F\u00fcr den Vertragsschluss steht ausschlie\u00dflich die deutsche Sprache zur Verf\u00fcgung.<\/p>\n<p class=\"p1\">2.9. Die Bestellabwicklung und Kontaktaufnahme finden in der Regel per E-Mail und<\/p>\n<p class=\"p1\">automatisierter Bestellabwicklung statt. Der Kunde hat sicherzustellen, dass die von ihm zur<\/p>\n<p class=\"p1\">Bestellabwicklung angegebene E-Mail-Adresse zutreffend ist, so dass unter dieser Adresse die vom<\/p>\n<p class=\"p1\">Verk\u00e4ufer versandten E-Mails empfangen werden k\u00f6nnen.<\/p>\n<p class=\"p1\">Insbesondere hat der Kunde bei demEinsatz von SPAM-Filtern sicherzustellen, dass alle vom Verk\u00e4ufer oder<\/p>\n<p class=\"p1\">von diesem mit der Bestellabwicklung beauftragten Dritten versandten Mails zugestellt werden k\u00f6nnen.<\/p>\n<h5 class=\"p1\">3. Widerrufsrecht<\/h5>\n<p class=\"p1\">3.1. Verbrauchern stehen grunds\u00e4tzlich die gesetzlich geregelten Widerrufsrechte zu.<\/p>\n<p class=\"p1\">3.2. Widerrufsrecht: Sie k\u00f6nnen Ihre Vertragserkl\u00e4rung innerhalb von zwei Wochen ohne Angabe<\/p>\n<p class=\"p1\">von Gr\u00fcnden in Textform (z. B. Brief, Fax, E-Mail) oder \u2013 wenn Ihnen die Sache vor Fristablauf<\/p>\n<p class=\"p1\">\u00fcberlassen wird \u2013 durch R\u00fccksendung der Sache widerrufen. Die Frist beginnt nach Erhalt dieser<\/p>\n<p class=\"p1\">Belehrung in Textform, jedoch nicht vor Eingang der Ware beim Empf\u00e4nger (bei der<\/p>\n<p class=\"p1\">wiederkehrenden Lieferung gleichartiger Waren nicht vor Eingang der ersten Teillieferung) und<\/p>\n<p class=\"p1\">auch nicht vor Erf\u00fcllung unserer Informationspflichten gem\u00e4\u00df Artikel 246 \u00a7 2 in Verbindung mit \u00a7 1<\/p>\n<p class=\"p1\">Abs. 1 und 2 EGBGB sowie unserer Pflichten gem\u00e4\u00df \u00a7 312e Abs. 1 Satz 1 BGB in Verbindung mit<\/p>\n<p class=\"p1\">Artikel 246 \u00a7 3 EGBGB. Zur Wahrung der Widerrufsfrist gen\u00fcgt die rechtzeitige Absendung des<\/p>\n<p class=\"p1\">Widerrufs oder der Sache. Der Widerruf ist zu richten an:<\/p>\n<p class=\"p1\">ERIKA Coffee Roasters Sebastian Sandler, Wiener Stra\u00dfe 19, 3100 St. P\u00f6lten<\/p>\n<p class=\"p1\">A. Widerrufsfolgen: Im Falle eines wirksamen Widerrufs sind die beiderseits empfangenen<\/p>\n<p class=\"p1\">Leistungen zur\u00fcckzugew\u00e4hren und ggf. gezogene Nutzungen (z. B. Zinsen) herauszugeben. K\u00f6nnen<\/p>\n<p class=\"p1\">Sie uns die empfangene Leistung ganz oder teilweise nicht oder nur in verschlechtertem Zustand<\/p>\n<p class=\"p1\">zur\u00fcckgew\u00e4hren, m\u00fcssen Sie uns insoweit ggf. Wertersatz leisten. Bei der \u00dcberlassung von Sachen<\/p>\n<p class=\"p1\">gilt dies nicht, wenn die Verschlechterung der Sache ausschlie\u00dflich auf deren Pr\u00fcfung \u2013 wie sie<\/p>\n<p class=\"p1\">Ihnen etwa im Ladengesch\u00e4ft m\u00f6glich gewesen w\u00e4re \u2013 zur\u00fcckzuf\u00fchren ist. Im \u00dcbrigen k\u00f6nnen Sie<\/p>\n<p class=\"p1\">die Pflicht zum Wertersatz f\u00fcr eine durch die bestimmungsgem\u00e4\u00dfe Ingebrauchnahme der Sache<\/p>\n<p class=\"p1\">entstandene Verschlechterung vermeiden, indem Sie die Sache nicht wie Ihr Eigentum in Gebrauch<\/p>\n<p class=\"p1\">nehmen und alles unterlassen, was deren Wert beeintr\u00e4chtigt. Paketversandf\u00e4hige Sachen sind auf<\/p>\n<p class=\"p1\">unsere Gefahr zur\u00fcckzusenden. Sie haben die Kosten der R\u00fccksendung zu tragen, wenn die<\/p>\n<p class=\"p1\">gelieferte Ware der Bestellten entspricht und wenn der Preis der zur\u00fcckzusendenden Sache einen<\/p>\n<p class=\"p1\">Betrag von 40 Euro nicht \u00fcbersteigt oder wenn Sie bei einem h\u00f6heren Preis der Sache zum<\/p>\n<p class=\"p1\">Zeitpunkt des Widerrufs noch nicht die Gegenleistung oder eine vertraglich vereinbarte Teilzahlung<\/p>\n<p class=\"p1\">erbracht haben. Anderenfalls ist die R\u00fccksendung f\u00fcr Sie kostenfrei. Nicht paketversandf\u00e4hige<\/p>\n<p class=\"p1\">Sachen werden bei Ihnen abgeholt. Verpflichtungen zur Erstattung von Zahlungen m\u00fcssen innerhalb<\/p>\n<p class=\"p1\">von 30 Tagen erf\u00fcllt werden. Die Frist beginnt f\u00fcr Sie mit der Absendung Ihrer Widerrufserkl\u00e4rung<\/p>\n<p class=\"p1\">oder der Sache, f\u00fcr uns mit deren Empfang.<\/p>\n<p class=\"p1\">3.4. Das Widerrufsrecht besteht nicht f\u00fcr die Bestellung solcher Ware, die nach<\/p>\n<p class=\"p1\">Kundenspezifikationen angefertigt wird oder die eindeutig auf die pers\u00f6nlichen Bed\u00fcrfnisse des<\/p>\n<p class=\"p1\">Kunden zugeschnitten ist (Sonderanfertigung) somit nicht bei:<\/p>\n<p class=\"p1\">A. Vertr\u00e4gen zur Lieferung von Waren, die nicht vorgefertigt sind und f\u00fcr deren Herstellung eine<\/p>\n<p class=\"p1\">individuelle Auswahl oder Bestimmung durch den Verbraucher ma\u00dfgeblich ist, oder die eindeutig<\/p>\n<p class=\"p1\">auf die pers\u00f6nlichen Bed\u00fcrfnisse des Verbrauchers zugeschnitten sind,<\/p>\n<p class=\"p1\">B. Vertr\u00e4gen zur Lieferung von Waren, die schnell verderben k\u00f6nnen oder deren Verfallsdatum<\/p>\n<p class=\"p1\">schnell \u00fcberschritten w\u00fcrde,<\/p>\n<p class=\"p1\">C. Vertr\u00e4gen zur Lieferung versiegelter Waren, die aus Gr\u00fcnden des Gesundheitsschutzes oder der<\/p>\n<p class=\"p1\">Hygiene nicht zur R\u00fcckgabe geeignet sind, wenn ihre Versiegelung nach der Lieferung entfernt<\/p>\n<p class=\"p1\">wurde.<\/p>\n<p class=\"p1\">D. Vertr\u00e4gen zur Lieferung von Waren, wenn diese nach der Lieferung aufgrund ihrer<\/p>\n<p class=\"p1\">Beschaffenheit untrennbar mit anderen G\u00fctern vermischt wurden.<\/p>\n<h5 class=\"p1\">4. Preise und Zahlungsbedingungen<\/h5>\n<p class=\"p1\">4.1. Sofern sich aus der Produktbeschreibung des Verk\u00e4ufers nichts anderes ergibt, handelt es sich<\/p>\n<p class=\"p1\">bei den angegebenen Preisen um Gesamtpreise, die die gesetzliche Umsatzsteuer enthalten.<\/p>\n<p class=\"p1\">Gegebenenfalls zus\u00e4tzlich anfallende Liefer- und Versandkosten werden in der jeweiligen<\/p>\n<p class=\"p1\">Produktbeschreibung gesondert angegeben.<\/p>\n<p class=\"p1\">4.2. Dem Kunden stehen verschiedene Zahlungsm\u00f6glichkeiten zur Verf\u00fcgung, die im Online-Shop<\/p>\n<p class=\"p1\">des Verk\u00e4ufers angegeben werden.<\/p>\n<p class=\"p1\">4.3. Ist Vorauskasse vereinbart, ist die Zahlung sofort nach Vertragsabschluss f\u00e4llig.<\/p>\n<p class=\"p1\">4.4 Wenn die Zahlungsart \u201ePayPal\u201c gew\u00e4hlt wird, erfolgt die Zahlungsabwicklung \u00fcber den<\/p>\n<p class=\"p1\">Zahlungsdienstleister PayPal (Europe) S.\u00e0 r.l. et Cie, S.C.A., 22-24 Boulevard Royal, L-2449<\/p>\n<p class=\"p1\">Luxemburg, unter Anwendung der PayPal-Nutzungsbedingungen. Diese sind unter folgendem Link<\/p>\n<p class=\"p2\"><span class=\"s1\">einsehbar: <\/span>https:\/\/www.paypal.com\/de\/webapps\/mpp\/ua\/useragreement-full<span class=\"s1\">. Voraussetzung hierf\u00fcr<\/span><\/p>\n<p class=\"p1\">ist, dass der Kunde entweder ein bestehendes PayPal-Konto besitzt oder ein solches er\u00f6ffnet.<\/p>\n<h5 class=\"p1\">5. Liefer- und Versandbedingungen<\/h5>\n<p class=\"p1\">5.1. Die Lieferung der Waren erfolgt in der Regel auf dem Versandweg an die vom Kunden<\/p>\n<p class=\"p1\">angegebene Lieferanschrift. Ma\u00dfgeblich ist dabei die Lieferanschrift, die in der Kaufabwicklung<\/p>\n<p class=\"p1\">des Verk\u00e4ufers angegeben wurde. Wurde die Zahlungsart \u201ePayPal\u201c gew\u00e4hlt, ist die beim<\/p>\n<p class=\"p1\">Zahlungsdienstleister PayPal hinterlegte Lieferanschrift ausschlaggebend.<\/p>\n<p class=\"p1\">5.2. Sollte die Zustellung der Ware durch das Transportunternehmen nicht m\u00f6glich sein und wird<\/p>\n<p class=\"p1\">diese daraufhin an den Verk\u00e4ufer zur\u00fcckgesendet, tr\u00e4gt der Kunde die Kosten f\u00fcr den erfolglosen<\/p>\n<p class=\"p1\">Versand. Dies gilt nicht, wenn der Kunde den Umstand, der zur Unzustellbarkeit f\u00fchrte, nicht zu<\/p>\n<p class=\"p1\">vertreten hat oder vor\u00fcbergehend an der Annahme der Lieferung gehindert war, sofern der<\/p>\n<p class=\"p1\">Verk\u00e4ufer die Lieferung nicht rechtzeitig angek\u00fcndigt hatte.<\/p>\n<h5 class=\"p1\">6. Eigentumsvorbehalt<\/h5>\n<p class=\"p1\">Sofern der Verk\u00e4ufer in Vorleistung tritt, beh\u00e4lt er sich das Eigentum an der gelieferten Ware bis zur<\/p>\n<p class=\"p1\">vollst\u00e4ndigen Bezahlung des geschuldeten Kaufpreises vor.<\/p>\n<h5 class=\"p1\">7. M\u00e4ngelhaftung<\/h5>\n<p class=\"p1\">7.1. Liegt ein Mangel an der Kaufsache vor, gelten die gesetzlichen Bestimmungen zur<\/p>\n<p class=\"p1\">M\u00e4ngelhaftung.<\/p>\n<p class=\"p1\">7.2. Kunden wird empfohlen, offensichtliche Transportsch\u00e4den direkt bei der Zustellung dem<\/p>\n<p class=\"p1\">Transportunternehmen zu melden und den Verk\u00e4ufer dar\u00fcber in Kenntnis zu setzen. Eine<\/p>\n<p class=\"p1\">unterlassene Reklamation hat jedoch keine Auswirkungen auf die gesetzlichen oder vertraglichen<\/p>\n<p class=\"p1\">M\u00e4ngelanspr\u00fcche des Kunden.<\/p>\n<h5 class=\"p1\">8. Anwendbares Recht<\/h5>\n<p class=\"p1\">F\u00fcr s\u00e4mtliche rechtlichen Beziehungen zwischen den Vertragsparteien gilt das Recht der Republik<\/p>\n<p class=\"p1\">\u00d6sterreich unter Ausschluss der Bestimmungen des UN-Kaufrechts.<\/p>\n<p class=\"p1\">Ist der Kunde Verbraucher,findet diese Rechtswahl nur insoweit Anwendung,<\/p>\n<p class=\"p1\">als sie den durch zwingende Bestimmungen desRechts des Staates,<\/p>\n<p class=\"p1\">in dem der Kunde seinen gew\u00f6hnlichen Aufenthalt hat, gew\u00e4hrten Schutz nicht entzieht.<\/p>\n<h5 class=\"p1\">9. Datenschutz<\/h5>\n<p class=\"p1\">Mit der \u00dcbermittlung einer Bestellung stimmen Sie der Verarbeitung, Speicherung und Nutzung<\/p>\n<p class=\"p1\">Ihrer personenbezogenen Daten zu, soweit dies f\u00fcr die Abwicklung der Bestellung erforderlich ist.<\/p>\n<p class=\"p1\">Kundendaten werden gem\u00e4\u00df den geltenden Datenschutzvorschriften behandelt, insbesondere des<\/p>\n<p class=\"p1\">\u00f6sterreichischen Datenschutzgesetzes (DSG) und der Datenschutz-Grundverordnung (DSGVO).<\/p>\n<p class=\"p1\">Ihre Daten werden nur f\u00fcr die Abwicklung Ihrer Bestellung verwendet und nicht l\u00e4nger als<\/p>\n<p class=\"p1\">notwendig gespeichert. Die Weitergabe an Dritte erfolgt ausschlie\u00dflich an Partnerunternehmen, die<\/p>\n<p class=\"p1\">f\u00fcr die Bestellabwicklung erforderlich sind (z. B. Versanddienstleister). Der Umfang der<\/p>\n<p class=\"p1\">weitergegebenen Daten wird hierbei auf ein Minimum beschr\u00e4nkt.<\/p>\n<p class=\"p1\">Kunden haben das Recht, jederzeit Auskunft \u00fcber die gespeicherten Daten zu erhalten, diese<\/p>\n<p class=\"p1\">berichtigen oder l\u00f6schen zu lassen. Anfragen k\u00f6nnen schriftlich oder per E-Mail an uns gerichtet<\/p>\n<p class=\"p1\">werden.<\/p>\n<h5 class=\"p1\">10. Mahnungen, Zahlungsverzug und Kostenpauschalen<\/h5>\n<p class=\"p1\">Rechnungen sind innerhalb von 14 Tagen nach Erhalt ohne Abzug zu begleichen. Ger\u00e4t der Kunde<\/p>\n<p class=\"p1\">in Zahlungsverzug, ist er verpflichtet, Verzugszinsen in H\u00f6he von mindestens 5 % \u00fcber dem<\/p>\n<p class=\"p1\">Basiszinssatz zu zahlen. Zus\u00e4tzlich k\u00f6nnen Mahngeb\u00fchren erhoben werden:<\/p>\n<p class=\"p1\">\u2022 F\u00fcr die erste Mahnung wird eine Pauschale von 5,- \u20ac berechnet.<\/p>\n<p class=\"p1\">\u2022 F\u00fcr die zweite Mahnung wird eine Pauschale von 25,- \u20ac berechnet.<\/p>\n<p class=\"p1\">Ein weitergehender Schadensersatzanspruch des Verk\u00e4ufers bleibt hiervon unber\u00fchrt.<\/p>\n<h5 class=\"p1\">11. Gerichtsstand<\/h5>\n<p class=\"p1\">Ist der Kunde Kaufmann, eine juristische Person des \u00f6ffentlichen Rechts oder ein \u00f6ffentlich-<\/p>\n<p class=\"p1\">rechtliches Sonderverm\u00f6gen mit Sitz in \u00d6sterreich, ist der Gerichtsstand f\u00fcr alle Streitigkeiten aus<\/p>\n<p class=\"p1\">diesem Vertrag der Gesch\u00e4ftssitz des Verk\u00e4ufers.<\/p>\n<p class=\"p1\">Befindet sich der Sitz des Kunden au\u00dferhalb \u00d6sterreichs, ist der Gesch\u00e4ftssitz des Verk\u00e4ufers<\/p>\n<p class=\"p1\">ebenfalls ausschlie\u00dflicher Gerichtsstand, sofern der Vertrag oder Anspr\u00fcche aus dem Vertrag der<\/p>\n<p class=\"p1\">beruflichen oder gewerblichen T\u00e4tigkeit des Kunden zugeordnet werden k\u00f6nnen. Der Verk\u00e4ufer ist<\/p>\n<p class=\"p1\">jedoch berechtigt, auch das Gericht am Sitz des Kunden anzurufen.<\/p>\n<\/div><\/section><\/div><\/p>\n\n<div class=\"woocommerce woocommerce-gzd woocommerce-gzd-complaints-shortcode\">\n\t\t\t<h3>Information gem. \u00a7 19 Abs 3 AStG<\/h3>\n\t\t<p>Alternative Streitbeilegung Gesetz - Online Gesch\u00e4fte<\/p>\n\t\nWe are not obliged nor willing to participate in dispute settlement proceedings before a consumer arbitration board.<\/div>\n","protected":false},"excerpt":{"rendered":"","protected":false},"author":1,"featured_media":0,"parent":0,"menu_order":0,"comment_status":"closed","ping_status":"closed","template":"","meta":{"footnotes":""},"class_list":["post-32","page","type-page","status-publish","hentry"],"_links":{"self":[{"href":"https:\/\/www.erikacoffee.at\/index.php?rest_route=\/wp\/v2\/pages\/32","targetHints":{"allow":["GET"]}}],"collection":[{"href":"https:\/\/www.erikacoffee.at\/index.php?rest_route=\/wp\/v2\/pages"}],"about":[{"href":"https:\/\/www.erikacoffee.at\/index.php?rest_route=\/wp\/v2\/types\/page"}],"author":[{"embeddable":true,"href":"https:\/\/www.erikacoffee.at\/index.php?rest_route=\/wp\/v2\/users\/1"}],"replies":[{"embeddable":true,"href":"https:\/\/www.erikacoffee.at\/index.php?rest_route=%2Fwp%2Fv2%2Fcomments&post=32"}],"version-history":[{"count":1,"href":"https:\/\/www.erikacoffee.at\/index.php?rest_route=\/wp\/v2\/pages\/32\/revisions"}],"predecessor-version":[{"id":1276,"href":"https:\/\/www.erikacoffee.at\/index.php?rest_route=\/wp\/v2\/pages\/32\/revisions\/1276"}],"wp:attachment":[{"href":"https:\/\/www.erikacoffee.at\/index.php?rest_route=%2Fwp%2Fv2%2Fmedia&parent=32"}],"curies":[{"name":"wp","href":"https:\/\/api.w.org\/{rel}","templated":true}]}}