{"id":1494,"date":"2026-02-15T14:33:14","date_gmt":"2026-02-15T13:33:14","guid":{"rendered":"https:\/\/www.erikacoffee.at\/?post_type=product&#038;p=1494"},"modified":"2026-02-16T17:38:32","modified_gmt":"2026-02-16T16:38:32","slug":"kalita-filterpapier-wave-185-100-stueck","status":"publish","type":"product","link":"https:\/\/www.erikacoffee.at\/?product=kalita-filterpapier-wave-185-100-stueck","title":{"rendered":"Kalita Wave 185 Filterpapier, 100 St\u00fcck"},"content":{"rendered":"<div id='av-layout-grid-1'  class='av-layout-grid-container av-oikd5y-b34b9fe06bce6c374f554d142fc493fd entry-content-wrapper main_color av-flex-cells  avia-builder-el-0  el_before_av_section  avia-builder-el-first   container_wrap fullsize'  >\n<div class='flex_cell av-n0l7gm-140c75eeb14e88ee2186927115434e5f av-gridrow-cell av_one_third no_margin  avia-builder-el-1  el_before_av_cell_two_third  avia-builder-el-first '  ><div class='flex_cell_inner'>\n<style type=\"text\/css\" data-created_by=\"avia_inline_auto\" id=\"style-css-av-mlnr1t3j-9e0beed0d431ba83c04277624962eb87\">\n.avia-image-container.av-mlnr1t3j-9e0beed0d431ba83c04277624962eb87 img.avia_image{\nbox-shadow:none;\n}\n.avia-image-container.av-mlnr1t3j-9e0beed0d431ba83c04277624962eb87 .av-image-caption-overlay-center{\ncolor:#ffffff;\n}\n<\/style>\n<div  class='avia-image-container av-mlnr1t3j-9e0beed0d431ba83c04277624962eb87 av-styling- avia-align-center  avia-builder-el-2  avia-builder-el-no-sibling '   itemprop=\"image\" itemscope=\"itemscope\" itemtype=\"https:\/\/schema.org\/ImageObject\" ><div class=\"avia-image-container-inner\"><div class=\"avia-image-overlay-wrap\"><img decoding=\"async\" fetchpriority=\"high\" class='wp-image-1533 avia-img-lazy-loading-not-1533 avia_image ' src=\"https:\/\/www.erikacoffee.at\/wp-content\/uploads\/2026\/02\/kalita_185-200x300.jpg\" alt='' title='kalita_185'  height=\"300\" width=\"200\"  itemprop=\"thumbnailUrl\" srcset=\"https:\/\/www.erikacoffee.at\/wp-content\/uploads\/2026\/02\/kalita_185-200x300.jpg 200w, https:\/\/www.erikacoffee.at\/wp-content\/uploads\/2026\/02\/kalita_185-687x1030.jpg 687w, https:\/\/www.erikacoffee.at\/wp-content\/uploads\/2026\/02\/kalita_185-768x1152.jpg 768w, https:\/\/www.erikacoffee.at\/wp-content\/uploads\/2026\/02\/kalita_185-1024x1536.jpg 1024w, https:\/\/www.erikacoffee.at\/wp-content\/uploads\/2026\/02\/kalita_185-1365x2048.jpg 1365w, https:\/\/www.erikacoffee.at\/wp-content\/uploads\/2026\/02\/kalita_185-1000x1500.jpg 1000w, https:\/\/www.erikacoffee.at\/wp-content\/uploads\/2026\/02\/kalita_185-470x705.jpg 470w, https:\/\/www.erikacoffee.at\/wp-content\/uploads\/2026\/02\/kalita_185-450x675.jpg 450w, https:\/\/www.erikacoffee.at\/wp-content\/uploads\/2026\/02\/kalita_185-600x900.jpg 600w, https:\/\/www.erikacoffee.at\/wp-content\/uploads\/2026\/02\/kalita_185-scaled.jpg 1707w\" sizes=\"(max-width: 200px) 100vw, 200px\" \/><\/div><\/div><\/div>\n<\/div><\/div>\n<style type=\"text\/css\" data-created_by=\"avia_inline_auto\" id=\"style-css-av-kqbqt2-693937c5389eba8dee586913635cde28\">\n.flex_cell.av-kqbqt2-693937c5389eba8dee586913635cde28{\nvertical-align:top;\n}\n.responsive #top #wrap_all .flex_cell.av-kqbqt2-693937c5389eba8dee586913635cde28{\npadding:100px 0 0 0 !important;\n}\n\n@media only screen and (max-width: 479px){ \n.responsive #top #wrap_all .flex_cell.av-kqbqt2-693937c5389eba8dee586913635cde28{\npadding:0 5% 0 5% !important;\n}\n}\n<\/style>\n<div class='flex_cell av-kqbqt2-693937c5389eba8dee586913635cde28 av-gridrow-cell av_two_third no_margin  avia-builder-el-3  el_after_av_cell_one_third  avia-builder-el-last  content-align-top'  ><div class='flex_cell_inner'><p>\n<style type=\"text\/css\" data-created_by=\"avia_inline_auto\" id=\"style-css-av-j3x4d2-7d6dbfc4d525443556d05a68ab60f547\">\n#top .av-special-heading.av-j3x4d2-7d6dbfc4d525443556d05a68ab60f547{\npadding-bottom:10px;\nfont-size:60px;\n}\nbody .av-special-heading.av-j3x4d2-7d6dbfc4d525443556d05a68ab60f547 .av-special-heading-tag .heading-char{\nfont-size:25px;\n}\n#top #wrap_all .av-special-heading.av-j3x4d2-7d6dbfc4d525443556d05a68ab60f547 .av-special-heading-tag{\nfont-size:60px;\n}\n.av-special-heading.av-j3x4d2-7d6dbfc4d525443556d05a68ab60f547 .av-subheading{\nfont-size:15px;\n}\n\n@media only screen and (min-width: 480px) and (max-width: 767px){ \n#top #wrap_all .av-special-heading.av-j3x4d2-7d6dbfc4d525443556d05a68ab60f547 .av-special-heading-tag{\nfont-size:0.8em;\n}\n}\n\n@media only screen and (max-width: 479px){ \n#top #wrap_all .av-special-heading.av-j3x4d2-7d6dbfc4d525443556d05a68ab60f547 .av-special-heading-tag{\nfont-size:0.8em;\n}\n}\n<\/style>\n<div  class='av-special-heading av-j3x4d2-7d6dbfc4d525443556d05a68ab60f547 av-special-heading-h1 blockquote modern-quote  avia-builder-el-4  el_before_av_textblock  avia-builder-el-first  av-inherit-size'><h1 class='av-special-heading-tag '  itemprop=\"headline\"  >Kalita 185 Wave Filterpapier<\/h1><div class=\"special-heading-border\"><div class=\"special-heading-inner-border\"><\/div><\/div><\/div><br \/>\n\n<style type=\"text\/css\" data-created_by=\"avia_inline_auto\" id=\"style-css-av-mlnqodh1-1156b705d12231c4a5139db85eb5a8d5\">\n#top .av_textblock_section.av-mlnqodh1-1156b705d12231c4a5139db85eb5a8d5 .avia_textblock{\nfont-size:15px;\n}\n<\/style>\n<section  class='av_textblock_section av-mlnqodh1-1156b705d12231c4a5139db85eb5a8d5 '   itemscope=\"itemscope\" itemtype=\"https:\/\/schema.org\/CreativeWork\" ><div class='avia_textblock'  itemprop=\"text\" ><p>\n<style type=\"text\/css\" data-created_by=\"avia_inline_auto\" id=\"style-css-av-h3kixi-b2ab680366ef5a921154c124a3606ed3\">\n.av_font_icon.av-h3kixi-b2ab680366ef5a921154c124a3606ed3 .av-icon-char{\nfont-size:25px;\n}\n<\/style>\n<span  class='av_font_icon av-h3kixi-b2ab680366ef5a921154c124a3606ed3 avia_animate_when_visible av-icon-style- avia-icon-pos-left avia-svg-icon avia-font-svg_planetbean_blue av-no-color avia-icon-animate'><span class='av-icon-char' data-av_svg_icon='planetbean' data-av_iconset='svg_planetbean_blue' ><svg version=\"1.1\" xmlns=\"http:\/\/www.w3.org\/2000\/svg\" width=\"32\" height=\"32\" viewBox=\"0 0 32 32\" preserveAspectRatio=\"xMidYMid meet\" aria-labelledby='av-svg-title-1' aria-describedby='av-svg-desc-1' role=\"graphics-symbol\" is-colored=\"true\" aria-hidden=\"true\">\n<title id='av-svg-title-1'>Planetbean<\/title>\n<desc id='av-svg-desc-1'>Planetbean<\/desc>\n<path fill=\"#2f4e9b\" d=\"M3.598 24.756l-1.5 0.535 1.54 0.417 0.065 1.54 0.887-1.282 1.54 0.417-0.991-1.209 0.887-1.282-1.5 0.535-0.992-1.209 0.065 1.54z\"><\/path>\n<path fill=\"#2f4e9b\" d=\"M27.006 4.782l0.064 1.54-1.5 0.535 1.54 0.417 0.064 1.54 0.887-1.282 1.54 0.417-0.991-1.209 0.887-1.282-1.5 0.535-0.991-1.209z\"><\/path>\n<path fill=\"#2f4e9b\" d=\"M20.403 18.039c2.167-0.61 4.378-1.131 6.509-1.855 0.959-0.335 2.594-0.906 3.268-1.639 0.137-0.158 0.246-0.348 0.151-0.555-0.396-0.762-2.452-1.261-3.281-1.507 0.656 0.017 1.308 0.087 1.951 0.23 0.329 0.075 0.651 0.169 0.963 0.307 0.336 0.15 0.684 0.362 0.88 0.694 0.179 0.299 0.171 0.684 0.007 0.985-0.218 0.42-0.594 0.713-0.971 0.967-2.348 1.498-6.691 2.27-9.477 2.372v0z\"><\/path>\n<path fill=\"#2f4e9b\" d=\"M12.143 18.847c-1.444 0.26-2.91 0.377-4.377 0.399-1.148 0.012-2.297-0.042-3.435-0.21-0.832-0.134-1.674-0.305-2.432-0.694-1.169-0.605-1.241-1.581-0.169-2.351 0.275-0.201 0.57-0.362 0.875-0.506 0.598-0.277 1.22-0.485 1.857-0.642-0.757 0.417-2.658 1.344-2.883 2.174-0.049 0.222 0.098 0.385 0.266 0.51 0.815 0.571 2.533 0.78 3.543 0.902 2.236 0.252 4.508 0.287 6.756 0.42v0z\"><\/path>\n<path fill=\"#2f4e9b\" d=\"M15.937 4.94c-0.894 0-1.761 0.111-2.59 0.321-0.238 1.393-0.206 2.851 0.096 4.239 0.329 1.513 0.979 2.948 1.88 4.15 0.291 0.386 0.602 0.743 0.931 1.122 0.059 0.068 0.119 0.137 0.178 0.205 1.322 1.489 2.281 3.23 2.773 5.033 0.497 1.767 0.606 3.609 0.319 5.35 4.046-1.467 6.936-5.344 6.936-9.897 0-5.812-4.712-10.524-10.524-10.524z\"><\/path>\n<path fill=\"#2f4e9b\" d=\"M18.497 20.219c-0.247-0.785-0.556-1.525-0.918-2.199-0.453-0.86-1.028-1.68-1.76-2.509l-0.003-0.003c-0.064-0.075-0.129-0.151-0.194-0.226-0.396-0.461-0.806-0.937-1.152-1.449-0.353-0.498-0.685-1.097-1.014-1.83l-0.001-0.004c-0.483-1.127-0.773-2.323-0.863-3.555-0.076-1.037-0.005-2.053 0.209-3.029-4.281 1.335-7.388 5.329-7.388 10.049 0 5.812 4.712 10.524 10.524 10.524 1.068 0 2.099-0.159 3.070-0.455 0.195-1.769 0.019-3.604-0.51-5.315z\"><\/path>\n<\/svg><\/span><\/span> 100 St\u00fcck Papierfilter<\/p>\n<p>\n<style type=\"text\/css\" data-created_by=\"avia_inline_auto\" id=\"style-css-av-g2ci6u-4cc5e5c94f1bbc1c00dbd20dc5414f0e\">\n.av_font_icon.av-g2ci6u-4cc5e5c94f1bbc1c00dbd20dc5414f0e .av-icon-char{\nfont-size:25px;\n}\n<\/style>\n<span  class='av_font_icon av-g2ci6u-4cc5e5c94f1bbc1c00dbd20dc5414f0e avia_animate_when_visible av-icon-style- avia-icon-pos-left avia-svg-icon avia-font-svg_planetbean_blue av-no-color avia-icon-animate'><span class='av-icon-char' data-av_svg_icon='planetbean' data-av_iconset='svg_planetbean_blue' ><svg version=\"1.1\" xmlns=\"http:\/\/www.w3.org\/2000\/svg\" width=\"32\" height=\"32\" viewBox=\"0 0 32 32\" preserveAspectRatio=\"xMidYMid meet\" aria-labelledby='av-svg-title-2' aria-describedby='av-svg-desc-2' role=\"graphics-symbol\" is-colored=\"true\" aria-hidden=\"true\">\n<title id='av-svg-title-2'>Planetbean<\/title>\n<desc id='av-svg-desc-2'>Planetbean<\/desc>\n<path fill=\"#2f4e9b\" d=\"M3.598 24.756l-1.5 0.535 1.54 0.417 0.065 1.54 0.887-1.282 1.54 0.417-0.991-1.209 0.887-1.282-1.5 0.535-0.992-1.209 0.065 1.54z\"><\/path>\n<path fill=\"#2f4e9b\" d=\"M27.006 4.782l0.064 1.54-1.5 0.535 1.54 0.417 0.064 1.54 0.887-1.282 1.54 0.417-0.991-1.209 0.887-1.282-1.5 0.535-0.991-1.209z\"><\/path>\n<path fill=\"#2f4e9b\" d=\"M20.403 18.039c2.167-0.61 4.378-1.131 6.509-1.855 0.959-0.335 2.594-0.906 3.268-1.639 0.137-0.158 0.246-0.348 0.151-0.555-0.396-0.762-2.452-1.261-3.281-1.507 0.656 0.017 1.308 0.087 1.951 0.23 0.329 0.075 0.651 0.169 0.963 0.307 0.336 0.15 0.684 0.362 0.88 0.694 0.179 0.299 0.171 0.684 0.007 0.985-0.218 0.42-0.594 0.713-0.971 0.967-2.348 1.498-6.691 2.27-9.477 2.372v0z\"><\/path>\n<path fill=\"#2f4e9b\" d=\"M12.143 18.847c-1.444 0.26-2.91 0.377-4.377 0.399-1.148 0.012-2.297-0.042-3.435-0.21-0.832-0.134-1.674-0.305-2.432-0.694-1.169-0.605-1.241-1.581-0.169-2.351 0.275-0.201 0.57-0.362 0.875-0.506 0.598-0.277 1.22-0.485 1.857-0.642-0.757 0.417-2.658 1.344-2.883 2.174-0.049 0.222 0.098 0.385 0.266 0.51 0.815 0.571 2.533 0.78 3.543 0.902 2.236 0.252 4.508 0.287 6.756 0.42v0z\"><\/path>\n<path fill=\"#2f4e9b\" d=\"M15.937 4.94c-0.894 0-1.761 0.111-2.59 0.321-0.238 1.393-0.206 2.851 0.096 4.239 0.329 1.513 0.979 2.948 1.88 4.15 0.291 0.386 0.602 0.743 0.931 1.122 0.059 0.068 0.119 0.137 0.178 0.205 1.322 1.489 2.281 3.23 2.773 5.033 0.497 1.767 0.606 3.609 0.319 5.35 4.046-1.467 6.936-5.344 6.936-9.897 0-5.812-4.712-10.524-10.524-10.524z\"><\/path>\n<path fill=\"#2f4e9b\" d=\"M18.497 20.219c-0.247-0.785-0.556-1.525-0.918-2.199-0.453-0.86-1.028-1.68-1.76-2.509l-0.003-0.003c-0.064-0.075-0.129-0.151-0.194-0.226-0.396-0.461-0.806-0.937-1.152-1.449-0.353-0.498-0.685-1.097-1.014-1.83l-0.001-0.004c-0.483-1.127-0.773-2.323-0.863-3.555-0.076-1.037-0.005-2.053 0.209-3.029-4.281 1.335-7.388 5.329-7.388 10.049 0 5.812 4.712 10.524 10.524 10.524 1.068 0 2.099-0.159 3.070-0.455 0.195-1.769 0.019-3.604-0.51-5.315z\"><\/path>\n<\/svg><\/span><\/span>Passend f\u00fcr Kalita Wave 185 Dripper (oder Origami M \/ Orea)<\/p>\n<p>\n<style type=\"text\/css\" data-created_by=\"avia_inline_auto\" id=\"style-css-av-1gelti-d425a29525d5517e8066aeee2280e41e\">\n.av_font_icon.av-1gelti-d425a29525d5517e8066aeee2280e41e .av-icon-char{\nfont-size:25px;\n}\n<\/style>\n<span  class='av_font_icon av-1gelti-d425a29525d5517e8066aeee2280e41e avia_animate_when_visible av-icon-style- avia-icon-pos-left avia-svg-icon avia-font-svg_planetbean_blue av-no-color avia-icon-animate'><span class='av-icon-char' data-av_svg_icon='planetbean' data-av_iconset='svg_planetbean_blue' ><svg version=\"1.1\" xmlns=\"http:\/\/www.w3.org\/2000\/svg\" width=\"32\" height=\"32\" viewBox=\"0 0 32 32\" preserveAspectRatio=\"xMidYMid meet\" aria-labelledby='av-svg-title-3' aria-describedby='av-svg-desc-3' role=\"graphics-symbol\" is-colored=\"true\" aria-hidden=\"true\">\n<title id='av-svg-title-3'>Planetbean<\/title>\n<desc id='av-svg-desc-3'>Planetbean<\/desc>\n<path fill=\"#2f4e9b\" d=\"M3.598 24.756l-1.5 0.535 1.54 0.417 0.065 1.54 0.887-1.282 1.54 0.417-0.991-1.209 0.887-1.282-1.5 0.535-0.992-1.209 0.065 1.54z\"><\/path>\n<path fill=\"#2f4e9b\" d=\"M27.006 4.782l0.064 1.54-1.5 0.535 1.54 0.417 0.064 1.54 0.887-1.282 1.54 0.417-0.991-1.209 0.887-1.282-1.5 0.535-0.991-1.209z\"><\/path>\n<path fill=\"#2f4e9b\" d=\"M20.403 18.039c2.167-0.61 4.378-1.131 6.509-1.855 0.959-0.335 2.594-0.906 3.268-1.639 0.137-0.158 0.246-0.348 0.151-0.555-0.396-0.762-2.452-1.261-3.281-1.507 0.656 0.017 1.308 0.087 1.951 0.23 0.329 0.075 0.651 0.169 0.963 0.307 0.336 0.15 0.684 0.362 0.88 0.694 0.179 0.299 0.171 0.684 0.007 0.985-0.218 0.42-0.594 0.713-0.971 0.967-2.348 1.498-6.691 2.27-9.477 2.372v0z\"><\/path>\n<path fill=\"#2f4e9b\" d=\"M12.143 18.847c-1.444 0.26-2.91 0.377-4.377 0.399-1.148 0.012-2.297-0.042-3.435-0.21-0.832-0.134-1.674-0.305-2.432-0.694-1.169-0.605-1.241-1.581-0.169-2.351 0.275-0.201 0.57-0.362 0.875-0.506 0.598-0.277 1.22-0.485 1.857-0.642-0.757 0.417-2.658 1.344-2.883 2.174-0.049 0.222 0.098 0.385 0.266 0.51 0.815 0.571 2.533 0.78 3.543 0.902 2.236 0.252 4.508 0.287 6.756 0.42v0z\"><\/path>\n<path fill=\"#2f4e9b\" d=\"M15.937 4.94c-0.894 0-1.761 0.111-2.59 0.321-0.238 1.393-0.206 2.851 0.096 4.239 0.329 1.513 0.979 2.948 1.88 4.15 0.291 0.386 0.602 0.743 0.931 1.122 0.059 0.068 0.119 0.137 0.178 0.205 1.322 1.489 2.281 3.23 2.773 5.033 0.497 1.767 0.606 3.609 0.319 5.35 4.046-1.467 6.936-5.344 6.936-9.897 0-5.812-4.712-10.524-10.524-10.524z\"><\/path>\n<path fill=\"#2f4e9b\" d=\"M18.497 20.219c-0.247-0.785-0.556-1.525-0.918-2.199-0.453-0.86-1.028-1.68-1.76-2.509l-0.003-0.003c-0.064-0.075-0.129-0.151-0.194-0.226-0.396-0.461-0.806-0.937-1.152-1.449-0.353-0.498-0.685-1.097-1.014-1.83l-0.001-0.004c-0.483-1.127-0.773-2.323-0.863-3.555-0.076-1.037-0.005-2.053 0.209-3.029-4.281 1.335-7.388 5.329-7.388 10.049 0 5.812 4.712 10.524 10.524 10.524 1.068 0 2.099-0.159 3.070-0.455 0.195-1.769 0.019-3.604-0.51-5.315z\"><\/path>\n<\/svg><\/span><\/span> Made in Japan<\/p>\n<\/div><\/section><br \/>\n<div  class='flex_column av-cd31uu-6a407ec38948b7cd725f932f1696cc86 av_two_fifth  avia-builder-el-9  el_after_av_textblock  avia-builder-el-last  first flex_column_div  column-top-margin'     ><style type=\"text\/css\" data-created_by=\"avia_inline_auto\" id=\"style-css-av-bcebk6-8aa20a35ace10364e09c748d4517e486\">\n#top form.variations_form.cart .woocommerce-variation-price > .price{\ndisplay:block !important;;\n}\n<\/style>\n<div class='av-woo-purchase-button av-bcebk6-8aa20a35ace10364e09c748d4517e486  avia-builder-el-10  avia-builder-el-no-sibling '><p class=\"price\"><span class=\"woocommerce-Price-amount amount\"><bdi><span class=\"woocommerce-Price-currencySymbol\">&euro;<\/span>&nbsp;12,00<\/bdi><\/span> <small class=\"woocommerce-price-suffix\">inkl. 20% USt<\/small><\/p>\n<div class=\"legal-price-info\">\n\t<p class=\"wc-gzd-additional-info\">\n\t\t\t\t\t<\/p>\n<\/div>\n\n<p class=\"stock in-stock\">Vorr\u00e4tig<\/p>\n\n\t\n\t<form class=\"cart\" action=\"https:\/\/www.erikacoffee.at\/?product=kalita-filterpapier-wave-185-100-stueck\" method=\"post\" enctype='multipart\/form-data'>\n\t\t\n\t\t<div class=\"quantity\">\n\t\t<label class=\"screen-reader-text\" for=\"quantity_69e776b99b06e\">Kalita Wave 185 Filterpapier, 100 St\u00fcck Menge<\/label>\n\t<input\n\t\ttype=\"number\"\n\t\t\t\tid=\"quantity_69e776b99b06e\"\n\t\tclass=\"input-text qty text\"\n\t\tname=\"quantity\"\n\t\tvalue=\"1\"\n\t\taria-label=\"Produktmenge\"\n\t\t\t\tmin=\"1\"\n\t\t\t\t\tmax=\"8\"\n\t\t\t\t\t\t\tstep=\"1\"\n\t\t\tplaceholder=\"\"\n\t\t\tinputmode=\"numeric\"\n\t\t\tautocomplete=\"off\"\n\t\t\t\/>\n\t<\/div>\n\n\t\t<button type=\"submit\" name=\"add-to-cart\" value=\"1494\" class=\"single_add_to_cart_button button alt\">In den Warenkorb<\/button>\n\n\t\t\t<\/form>\n\n\t\n<div class=\"product_meta\">\n\n\t\n\t\n\t\t<span class=\"sku_wrapper\">Artikelnummer: <span class=\"sku\">5002<\/span><\/span>\n\n\t\n\t<span class=\"posted_in\">Kategorie: <a href=\"https:\/\/www.erikacoffee.at\/?product_cat=filterpapier\" rel=\"tag\">Filterpapier<\/a><\/span>\n\t\n\t\n<\/div>\n<\/div><\/div><\/p>\n<\/div><\/div><\/div><div id='av_section_1'  class='avia-section av-8gyomu-9f4ab78cee0ce5e27990bec4d87c0517 main_color avia-section-default avia-no-border-styling  avia-builder-el-11  el_after_av_layout_row  avia-builder-el-last  avia-bg-style-scroll container_wrap fullsize'  ><div class='container av-section-cont-open' ><div class='template-page content  av-content-full alpha units'><div class='post-entry post-entry-type-page post-entry-1494'><div class='entry-content-wrapper clearfix'>\n\n<style type=\"text\/css\" data-created_by=\"avia_inline_auto\" id=\"style-css-av-892wl2-b8e0d51f758075d42c264358e3cb0fd9\">\n#top .hr.av-892wl2-b8e0d51f758075d42c264358e3cb0fd9{\nmargin-top:50px;\nmargin-bottom:30px;\n}\n.hr.av-892wl2-b8e0d51f758075d42c264358e3cb0fd9 .hr-inner{\nmax-width:45%;\n}\n<\/style>\n<div  class='hr av-892wl2-b8e0d51f758075d42c264358e3cb0fd9 hr-custom  avia-builder-el-12  el_before_av_three_fifth  avia-builder-el-first  planetbean av-small-hide av-mini-hide hr-center hr-icon-yes'><span class='hr-inner inner-border-av-border-fat'><span class=\"hr-inner-style\"><\/span><\/span><span class='av-seperator-icon avia-svg-icon avia-font-svg_planetbean_blue' data-av_svg_icon='planetbean' data-av_iconset='svg_planetbean_blue'><svg version=\"1.1\" xmlns=\"http:\/\/www.w3.org\/2000\/svg\" width=\"32\" height=\"32\" viewBox=\"0 0 32 32\" preserveAspectRatio=\"xMidYMid meet\" aria-labelledby='av-svg-title-4' aria-describedby='av-svg-desc-4' role=\"graphics-symbol\" is-colored=\"true\">\n<title id='av-svg-title-4'>Planetbean<\/title>\n<desc id='av-svg-desc-4'>Planetbean<\/desc>\n<path fill=\"#2f4e9b\" d=\"M3.598 24.756l-1.5 0.535 1.54 0.417 0.065 1.54 0.887-1.282 1.54 0.417-0.991-1.209 0.887-1.282-1.5 0.535-0.992-1.209 0.065 1.54z\"><\/path>\n<path fill=\"#2f4e9b\" d=\"M27.006 4.782l0.064 1.54-1.5 0.535 1.54 0.417 0.064 1.54 0.887-1.282 1.54 0.417-0.991-1.209 0.887-1.282-1.5 0.535-0.991-1.209z\"><\/path>\n<path fill=\"#2f4e9b\" d=\"M20.403 18.039c2.167-0.61 4.378-1.131 6.509-1.855 0.959-0.335 2.594-0.906 3.268-1.639 0.137-0.158 0.246-0.348 0.151-0.555-0.396-0.762-2.452-1.261-3.281-1.507 0.656 0.017 1.308 0.087 1.951 0.23 0.329 0.075 0.651 0.169 0.963 0.307 0.336 0.15 0.684 0.362 0.88 0.694 0.179 0.299 0.171 0.684 0.007 0.985-0.218 0.42-0.594 0.713-0.971 0.967-2.348 1.498-6.691 2.27-9.477 2.372v0z\"><\/path>\n<path fill=\"#2f4e9b\" d=\"M12.143 18.847c-1.444 0.26-2.91 0.377-4.377 0.399-1.148 0.012-2.297-0.042-3.435-0.21-0.832-0.134-1.674-0.305-2.432-0.694-1.169-0.605-1.241-1.581-0.169-2.351 0.275-0.201 0.57-0.362 0.875-0.506 0.598-0.277 1.22-0.485 1.857-0.642-0.757 0.417-2.658 1.344-2.883 2.174-0.049 0.222 0.098 0.385 0.266 0.51 0.815 0.571 2.533 0.78 3.543 0.902 2.236 0.252 4.508 0.287 6.756 0.42v0z\"><\/path>\n<path fill=\"#2f4e9b\" d=\"M15.937 4.94c-0.894 0-1.761 0.111-2.59 0.321-0.238 1.393-0.206 2.851 0.096 4.239 0.329 1.513 0.979 2.948 1.88 4.15 0.291 0.386 0.602 0.743 0.931 1.122 0.059 0.068 0.119 0.137 0.178 0.205 1.322 1.489 2.281 3.23 2.773 5.033 0.497 1.767 0.606 3.609 0.319 5.35 4.046-1.467 6.936-5.344 6.936-9.897 0-5.812-4.712-10.524-10.524-10.524z\"><\/path>\n<path fill=\"#2f4e9b\" d=\"M18.497 20.219c-0.247-0.785-0.556-1.525-0.918-2.199-0.453-0.86-1.028-1.68-1.76-2.509l-0.003-0.003c-0.064-0.075-0.129-0.151-0.194-0.226-0.396-0.461-0.806-0.937-1.152-1.449-0.353-0.498-0.685-1.097-1.014-1.83l-0.001-0.004c-0.483-1.127-0.773-2.323-0.863-3.555-0.076-1.037-0.005-2.053 0.209-3.029-4.281 1.335-7.388 5.329-7.388 10.049 0 5.812 4.712 10.524 10.524 10.524 1.068 0 2.099-0.159 3.070-0.455 0.195-1.769 0.019-3.604-0.51-5.315z\"><\/path>\n<\/svg><\/span><span class='hr-inner inner-border-av-border-fat'><span class=\"hr-inner-style\"><\/span><\/span><\/div>\n<div  class='flex_column av-6jl986-9fc0dfcc9fa8f5c2fca72965e19ae67b av_three_fifth  avia-builder-el-13  el_after_av_hr  el_before_av_two_fifth  first flex_column_div  '     ><style type=\"text\/css\" data-created_by=\"avia_inline_auto\" id=\"style-css-av-mlnqkhr7-324d6d0e1a55f92575aad086c8fc3f6a\">\n#top .av_textblock_section.av-mlnqkhr7-324d6d0e1a55f92575aad086c8fc3f6a .avia_textblock{\nfont-size:15px;\n}\n<\/style>\n<section  class='av_textblock_section av-mlnqkhr7-324d6d0e1a55f92575aad086c8fc3f6a '   itemscope=\"itemscope\" itemtype=\"https:\/\/schema.org\/CreativeWork\" ><div class='avia_textblock'  itemprop=\"text\" ><h4>\u00dcber die Filter<\/h4>\n<div id=\"s-b2d62b83-8c68-4d47-9e66-6eeef7d4fa8a\" class=\"shg-c\">\n<h3><\/h3>\n<p>Die Kalita Wave 185 Filter sind mit allen Drippern von Kalita der Gr\u00f6\u00dfe 185 kompatibel. Sie zeichnen sich durch ihre 20 Wellen aus, welche daf\u00fcr sorgen, dass zwischen Dripper und Filter nur wenig direkter Kontakt besteht. So verliert der Kaffee beim Br\u00fchen m\u00f6glichst wenig W\u00e4rme. Hergestellt in Japan.<\/p>\n<\/div>\n<div class=\"shg-c\"><\/div>\n<div class=\"shg-c\"><\/div>\n<div class=\"shg-c\">\n<ul>\n<li>Papierfilter f\u00fcr Cup 4 (2-4 Tassen)<\/li>\n<li>f\u00fcr Kalita Wave 185 Dripper<\/li>\n<li>Farbe: Wei\u00df<\/li>\n<li>100 Papierfilter<\/li>\n<li>Flachbodenfilter<\/li>\n<li>Pour-Over Filter<\/li>\n<li>Made in Japan<\/li>\n<\/ul>\n<p>Hersteller:<\/p>\n<p>Kalita Co., Ltd.<\/p>\n<\/div>\n<p>1-111-1, Koyasu-dori, Kanagawa-ku Yokohama, JAPAN 221-0021<\/p>\n<div class=\"shg-c\"><\/div>\n<\/div><\/section><\/div><div  class='flex_column av-48bs9y-91cce042faf471c47ead5b063fe6c15b av_two_fifth  avia-builder-el-15  el_after_av_three_fifth  avia-builder-el-last  flex_column_div  '     ><div  class='avia-slideshow av-1vyvkm-afae613503892590e23544466ebd9770 avia-slideshow-no scaling av_slideshow avia-fade-slider  avia-builder-el-16  avia-builder-el-no-sibling  av-slideshow-ui av-control-hidden av-no-slider-navigation av-hide-nav-arrows av-slideshow-autoplay av-loop-endless av-loop-manual-once avia-slideshow-1' data-slideshow-options=\"{&quot;animation&quot;:&quot;fade&quot;,&quot;autoplay&quot;:true,&quot;loop_autoplay&quot;:&quot;endless&quot;,&quot;interval&quot;:8,&quot;loop_manual&quot;:&quot;manual-once&quot;,&quot;autoplay_stopper&quot;:false,&quot;noNavigation&quot;:true,&quot;bg_slider&quot;:false,&quot;transitionSpeed&quot;:1500,&quot;keep_padding&quot;:false,&quot;hoverpause&quot;:false,&quot;show_slide_delay&quot;:0}\"  itemprop=\"image\" itemscope=\"itemscope\" itemtype=\"https:\/\/schema.org\/ImageObject\" ><ul class='avia-slideshow-inner ' ><\/ul><\/div><\/div><\/p>\n","protected":false},"excerpt":{"rendered":"","protected":false},"featured_media":1533,"template":"","meta":[],"product_brand":[],"product_cat":[110],"product_tag":[],"class_list":{"0":"post-1494","1":"product","2":"type-product","3":"status-publish","4":"has-post-thumbnail","6":"product_cat-filterpapier","8":"first","9":"instock","10":"taxable","11":"shipping-taxable","12":"purchasable","13":"product-type-simple"},"_links":{"self":[{"href":"https:\/\/www.erikacoffee.at\/index.php?rest_route=\/wp\/v2\/product\/1494","targetHints":{"allow":["GET"]}}],"collection":[{"href":"https:\/\/www.erikacoffee.at\/index.php?rest_route=\/wp\/v2\/product"}],"about":[{"href":"https:\/\/www.erikacoffee.at\/index.php?rest_route=\/wp\/v2\/types\/product"}],"wp:featuredmedia":[{"embeddable":true,"href":"https:\/\/www.erikacoffee.at\/index.php?rest_route=\/wp\/v2\/media\/1533"}],"wp:attachment":[{"href":"https:\/\/www.erikacoffee.at\/index.php?rest_route=%2Fwp%2Fv2%2Fmedia&parent=1494"}],"wp:term":[{"taxonomy":"product_brand","embeddable":true,"href":"https:\/\/www.erikacoffee.at\/index.php?rest_route=%2Fwp%2Fv2%2Fproduct_brand&post=1494"},{"taxonomy":"product_cat","embeddable":true,"href":"https:\/\/www.erikacoffee.at\/index.php?rest_route=%2Fwp%2Fv2%2Fproduct_cat&post=1494"},{"taxonomy":"product_tag","embeddable":true,"href":"https:\/\/www.erikacoffee.at\/index.php?rest_route=%2Fwp%2Fv2%2Fproduct_tag&post=1494"}],"curies":[{"name":"wp","href":"https:\/\/api.w.org\/{rel}","templated":true}]}}